{"id":3,"date":"2019-03-14T18:24:35","date_gmt":"2019-03-14T17:24:35","guid":{"rendered":"http:\/\/allekinder.grips.theater\/?page_id=3"},"modified":"2019-03-25T22:34:07","modified_gmt":"2019-03-25T21:34:07","slug":"datenschutzerklaerung","status":"publish","type":"page","link":"https:\/\/allekinder.grips.theater\/en\/datenschutzerklaerung\/","title":{"rendered":"Impressum und Datenschutzerkl\u00e4rung"},"content":{"rendered":"\n<h2 class=\"wp-block-heading\"><strong>Impressum<\/strong><\/h2>\n\n\n\n<p><strong>Anschrift<\/strong><br>GRIPS Theater gemeinn\u00fctzige Gesellschaft mit beschr\u00e4nkter Haftung<br>Altonaer Str. 22<br>10557 Berlin<\/p>\n\n\n\n<p><strong>Telefon<\/strong> +49 (0)30 &#8211; 39 74 74 0<br><strong>Telefax<\/strong> +49 (0)30 &#8211; 39 74 74 28<\/p>\n\n\n\n<p><strong>E-Mail<\/strong><a href=\"mailto:info@grips-theater.de\">info@grips-theater.de<\/a><br><strong>Internet<\/strong><a href=\"http:\/\/www.grips-theater.de\/\"> http:\/\/www.grips-theater.de\/<\/a><\/p>\n\n\n\n<p><strong>Theaterleitung<\/strong> Philipp Harpain<br><strong>Gesch\u00e4ftsf\u00fchrun<\/strong>g Andreas Joppich<\/p>\n\n\n\n<p><strong>Registergericht Amtsgericht Berlin-Charlottenburg<\/strong><br><strong>Registernummer<\/strong> HRB 8652<\/p>\n\n\n\n<p><strong>Umsatzsteuer-Identifikationsnummer<\/strong><br>(USt-IdNr.) gem. \u00a7 27a UStG<br>DE 136 683 318<\/p>\n\n\n\n<p><strong>Inhaltlich Verantwortliche<\/strong><br>nach \u00a7 55 Abs. 2 RStV<br>Pete Gilbert (KBB)<br>Katja Bahadori (Redaktion)<br>(Anschrift wie zuvor genannt)<\/p>\n\n\n\n<p><strong>Datenschutzbeauftragter<\/strong><br>E-Mail <a href=\"mailto:datenschutz@grips-theater.de\" target=\"_blank\" rel=\"noreferrer noopener\">datenschutz@grips-theater.de <br><\/a>(Anschrift wie zuvor genannt)\n\n<\/p>\n\n\n\n<h2 class=\"wp-block-heading\">Datenschutzerkl\u00e4rung<\/h2>\n\n\n\n<h2 class=\"wp-block-heading\">Wer wir sind<\/h2>\n\n\n\n<p>Die Adresse unserer Website ist: http:\/\/allekinder.grips.theater.<\/p>\n\n\n\n<h4 class=\"wp-block-heading\">Datenschutzerkl\u00e4rung<\/h4>\n\n\n\n<h4 class=\"wp-block-heading\">Grundlegendes<\/h4>\n\n\n\n<p>Diese Datenschutzerkl\u00e4rung soll die Nutzer dieser Website \u00fcber die Art, den Umfang und den Zweck der Erhebung und Verwendung personenbezogener Daten durch den Websitebetreiber . (Siehe unter Kontakt)<\/p>\n\n\n\n<p>Der Websitebetreiber nimmt Ihren Datenschutz sehr ernst und behandelt Ihre personenbezogenen Daten vertraulich und entsprechend der gesetzlichen Vorschriften. Da durch neue Technologien und die st\u00e4ndige Weiterentwicklung dieser Webseite \u00c4nderungen an dieser Datenschutzerkl\u00e4rung vorgenommen werden k\u00f6nnen, empfehlen wir Ihnen sich die Datenschutzerkl\u00e4rung in regelm\u00e4\u00dfigen Abst\u00e4nden wieder durchzulesen.<\/p>\n\n\n\n<p>Definitionen der verwendeten Begriffe (z.B. \u201cpersonenbezogene Daten\u201d oder \u201cVerarbeitung\u201d) finden Sie in Art. 4 DSGVO.<\/p>\n\n\n\n<h4 class=\"wp-block-heading\">Zugriffsdaten<\/h4>\n\n\n\n<p>Wir, der Websitebetreiber bzw. Seitenprovider, erheben aufgrund unseres berechtigten Interesses (s. Art. 6 Abs. 1 lit. f. DSGVO) Daten \u00fcber Zugriffe auf die Website und speichern diese als \u201eServer-Logfiles\u201c auf dem Server der Website ab. Folgende Daten werden so protokolliert:<\/p>\n\n\n\n<ul class=\"wp-block-list\"><li>Besuchte Website<\/li><li>Uhrzeit zum Zeitpunkt des Zugriffes<\/li><li>Menge der gesendeten Daten in Byte<\/li><li>Quelle\/Verweis, von welchem Sie auf die Seite gelangten<\/li><li>Verwendeter Browser<\/li><li>Verwendetes Betriebssystem<\/li><li>Verwendete IP-Adresse<\/li><\/ul>\n\n\n\n<p>Aufgrund von Datenschutzrichtlinien zu personenbezogenen Daten werden die IP-Adressen der Aufrufer in den Log-Dateien nach 7 Tagen mit einem &#8216;x&#8217; anonymisiert. Die Speicherung der Daten erfolgt aus Sicherheitsgr\u00fcnden, um z. B. Missbrauchsf\u00e4lle aufkl\u00e4ren zu k\u00f6nnen. M\u00fcssen Daten aus Beweisgr\u00fcnden aufgehoben werden, sind sie solange von der L\u00f6schung ausgenommen bis der Vorfall endg\u00fcltig gekl\u00e4rt ist.<\/p>\n\n\n\n<h4 class=\"wp-block-heading\">Umgang mit Kontaktdaten<\/h4>\n\n\n\n<p>Nehmen Sie mit uns als Websitebetreiber durch die angebotenen Kontaktm\u00f6glichkeiten Verbindung auf, werden Ihre Angaben gespeichert, damit auf diese zur Bearbeitung und Beantwortung Ihrer Anfrage zur\u00fcckgegriffen werden kann. Ohne Ihre Einwilligung werden diese Daten nicht an Dritte weitergegeben.<\/p>\n\n\n\n<h4 class=\"wp-block-heading\">Newsletter-Abonnement<\/h4>\n\n\n\n<p>Der Websitebetreiber bietet Ihnen einen Newsletter an, in welchem er Sie \u00fcber aktuelle Geschehnisse und Angebote informiert. M\u00f6chten Sie den Newsletter abonnieren, m\u00fcssen Sie eine valide E-Mail-Adresse angeben. Wenn Sie den Newsletter abonnieren, erkl\u00e4ren Sie sich mit dem Newsletter-Empfang und den erl\u00e4uterten Verfahren einverstanden.<\/p>\n\n\n\n<p>Der Newsletterversand erfolgt durch den Webseitenbetreiber direkt.<\/p>\n\n\n\n<p>Widerruf und K\u00fcndigung: Ihre Einwilligung zum Erhalt des Newsletter k\u00f6nnen Sie jederzeit widerrufen und somit das Newsletter-Abonnement k\u00fcndigen. Nach Ihrer K\u00fcndigung erfolgt die L\u00f6schung Ihre personenbezogenen Daten. Ihre Einwilligung in den Newsletterversand erlischt gleichzeitig. Am Ende jedes Newsletters finden Sie den Link zur K\u00fcndigung.<\/p>\n\n\n\n<h4 class=\"wp-block-heading\">Rechte des Nutzers<\/h4>\n\n\n\n<p>Sie haben als Nutzer das Recht, auf Antrag eine kostenlose Auskunft dar\u00fcber zu erhalten, welche personenbezogenen Daten \u00fcber Sie gespeichert wurden. Sie haben au\u00dferdem das Recht auf Berichtigung falscher Daten und auf die Verarbeitungseinschr\u00e4nkung oder L\u00f6schung Ihrer personenbezogenen Daten. Falls zutreffend, k\u00f6nnen Sie auch Ihr Recht auf Datenportabilit\u00e4t geltend machen. Sollten Sie annehmen, dass Ihre Daten unrechtm\u00e4\u00dfig verarbeitet wurden, k\u00f6nnen Sie eine Beschwerde bei der zust\u00e4ndigen Aufsichtsbeh\u00f6rde einreichen.<\/p>\n\n\n\n<h4 class=\"wp-block-heading\">L\u00f6schung von Daten<\/h4>\n\n\n\n<p>Sofern Ihr Wunsch nicht mit einer gesetzlichen Pflicht zur Aufbewahrung von Daten (z. B. Vorratsdatenspeicherung) kollidiert, haben Sie ein Anrecht auf L\u00f6schung Ihrer Daten. Von uns gespeicherte Daten werden, sollten sie f\u00fcr ihre Zweckbestimmung nicht mehr vonn\u00f6ten sein und es keine gesetzlichen Aufbewahrungsfristen geben, gel\u00f6scht. Falls eine L\u00f6schung nicht durchgef\u00fchrt werden kann, da die Daten f\u00fcr zul\u00e4ssige gesetzliche Zwecke erforderlich sind, erfolgt eine Einschr\u00e4nkung der Datenverarbeitung. In diesem Fall werden die Daten gesperrt und nicht f\u00fcr andere Zwecke verarbeitet.<\/p>\n\n\n\n<h4 class=\"wp-block-heading\">Widerspruchsrecht<\/h4>\n\n\n\n<p>Nutzer dieser Webseite k\u00f6nnen von ihrem Widerspruchsrecht Gebrauch machen und der Verarbeitung ihrer personenbezogenen Daten zu jeder Zeit widersprechen.<\/p>\n\n\n\n<p>Wenn Sie eine Berichtigung, Sperrung, L\u00f6schung oder Auskunft \u00fcber die zu Ihrer Person gespeicherten personenbezogenen Daten w\u00fcnschen oder Fragen bzgl. der Erhebung, Verarbeitung oder Verwendung Ihrer personenbezogenen Daten haben oder erteilte Einwilligungen widerrufen m\u00f6chten, wenden Sie sich bitte an folgende E-Mail-Adresse: <a href=\"mailto:kontakt@grips.theater\">kontakt@grips.theater<\/a><\/p>\n","protected":false},"excerpt":{"rendered":"<p>Impressum AnschriftGRIPS Theater gemeinn\u00fctzige Gesellschaft mit beschr\u00e4nkter HaftungAltonaer Str. 2210557 Berlin Telefon +49 (0)30 &#8211; 39 74 74 0Telefax +49 (0)30 &#8211; 39 74 74 28 E-Mailinfo@grips-theater.deInternet http:\/\/www.grips-theater.de\/ Theaterleitung Philipp HarpainGesch\u00e4ftsf\u00fchrung Andreas Joppich Registergericht Amtsgericht Berlin-CharlottenburgRegisternummer HRB 8652 Umsatzsteuer-Identifikationsnummer(USt-IdNr.) gem. \u00a7 27a UStGDE 136 683 318 Inhaltlich Verantwortlichenach \u00a7 55 Abs. 2 RStVPete Gilbert (KBB)Katja &hellip; <a href=\"https:\/\/allekinder.grips.theater\/en\/datenschutzerklaerung\/\" class=\"more-link\">Continue reading<span class=\"screen-reader-text\"> &#8220;Impressum und Datenschutzerkl\u00e4rung&#8221;<\/span><\/a><\/p>\n","protected":false},"author":1,"featured_media":0,"parent":0,"menu_order":0,"comment_status":"closed","ping_status":"open","template":"","meta":{"footnotes":""},"class_list":["post-3","page","type-page","status-publish","hentry"],"translation":{"provider":"WPGlobus","version":"3.0.0","language":"en","enabled_languages":["de","en"],"languages":{"de":{"title":true,"content":true,"excerpt":false},"en":{"title":false,"content":false,"excerpt":false}}},"yoast_head":"<!-- This site is optimized with the Yoast SEO plugin v23.5 - https:\/\/yoast.com\/wordpress\/plugins\/seo\/ -->\n<title>Impressum und Datenschutzerkl\u00e4rung - #alleKINDER #allCHILDREN<\/title>\n<meta name=\"robots\" content=\"index, follow, max-snippet:-1, max-image-preview:large, max-video-preview:-1\" \/>\n<link rel=\"canonical\" href=\"https:\/\/allekinder.grips.theater\/datenschutzerklaerung\/\" \/>\n<meta property=\"og:locale\" content=\"en_US\" \/>\n<meta property=\"og:type\" content=\"article\" \/>\n<meta property=\"og:title\" content=\"Impressum und Datenschutzerkl\u00e4rung - #alleKINDER #allCHILDREN\" \/>\n<meta property=\"og:url\" content=\"https:\/\/allekinder.grips.theater\/datenschutzerklaerung\/\" \/>\n<meta property=\"og:site_name\" content=\"#alleKINDER #allCHILDREN\" \/>\n<meta property=\"article:publisher\" content=\"https:\/\/www.facebook.com\/GripsTheater\/\" \/>\n<meta property=\"article:modified_time\" content=\"2019-03-25T21:34:07+00:00\" \/>\n<meta name=\"twitter:card\" content=\"summary_large_image\" \/>\n<meta name=\"twitter:site\" content=\"@GripsBerlin\" \/>\n<meta name=\"twitter:label1\" content=\"Est. reading time\" \/>\n\t<meta name=\"twitter:data1\" content=\"3 minutes\" \/>\n<script type=\"application\/ld+json\" class=\"yoast-schema-graph\">{\"@context\":\"https:\/\/schema.org\",\"@graph\":[{\"@type\":\"WebPage\",\"@id\":\"https:\/\/allekinder.grips.theater\/datenschutzerklaerung\/\",\"url\":\"https:\/\/allekinder.grips.theater\/datenschutzerklaerung\/\",\"name\":\"Impressum und Datenschutzerkl\u00e4rung - #alleKINDER #allCHILDREN\",\"isPartOf\":{\"@id\":\"https:\/\/allekinder.grips.theater\/#website\"},\"datePublished\":\"2019-03-14T17:24:35+00:00\",\"dateModified\":\"2019-03-25T21:34:07+00:00\",\"breadcrumb\":{\"@id\":\"https:\/\/allekinder.grips.theater\/datenschutzerklaerung\/#breadcrumb\"},\"inLanguage\":\"en-US\",\"potentialAction\":[{\"@type\":\"ReadAction\",\"target\":[\"https:\/\/allekinder.grips.theater\/datenschutzerklaerung\/\"]}]},{\"@type\":\"BreadcrumbList\",\"@id\":\"https:\/\/allekinder.grips.theater\/datenschutzerklaerung\/#breadcrumb\",\"itemListElement\":[{\"@type\":\"ListItem\",\"position\":1,\"name\":\"Startseite\",\"item\":\"https:\/\/allekinder.grips.theater\/\"},{\"@type\":\"ListItem\",\"position\":2,\"name\":\"Impressum und Datenschutzerkl\u00e4rung\"}]},{\"@type\":\"WebSite\",\"@id\":\"https:\/\/allekinder.grips.theater\/#website\",\"url\":\"https:\/\/allekinder.grips.theater\/\",\"name\":\"#alleKINDER #allCHILDREN\",\"description\":\"We call for the worldwide reading of the UN Convention on the Rights of the Child\",\"potentialAction\":[{\"@type\":\"SearchAction\",\"target\":{\"@type\":\"EntryPoint\",\"urlTemplate\":\"https:\/\/allekinder.grips.theater\/?s={search_term_string}\"},\"query-input\":{\"@type\":\"PropertyValueSpecification\",\"valueRequired\":true,\"valueName\":\"search_term_string\"}}],\"inLanguage\":\"en-US\"}]}<\/script>\n<!-- \/ Yoast SEO plugin. -->","yoast_head_json":{"title":"Impressum und Datenschutzerkl\u00e4rung - #alleKINDER #allCHILDREN","robots":{"index":"index","follow":"follow","max-snippet":"max-snippet:-1","max-image-preview":"max-image-preview:large","max-video-preview":"max-video-preview:-1"},"canonical":"https:\/\/allekinder.grips.theater\/datenschutzerklaerung\/","og_locale":"en_US","og_type":"article","og_title":"Impressum und Datenschutzerkl\u00e4rung - #alleKINDER #allCHILDREN","og_url":"https:\/\/allekinder.grips.theater\/datenschutzerklaerung\/","og_site_name":"#alleKINDER #allCHILDREN","article_publisher":"https:\/\/www.facebook.com\/GripsTheater\/","article_modified_time":"2019-03-25T21:34:07+00:00","twitter_card":"summary_large_image","twitter_site":"@GripsBerlin","twitter_misc":{"Est. reading time":"3 minutes"},"schema":{"@context":"https:\/\/schema.org","@graph":[{"@type":"WebPage","@id":"https:\/\/allekinder.grips.theater\/datenschutzerklaerung\/","url":"https:\/\/allekinder.grips.theater\/datenschutzerklaerung\/","name":"Impressum und Datenschutzerkl\u00e4rung - #alleKINDER #allCHILDREN","isPartOf":{"@id":"https:\/\/allekinder.grips.theater\/#website"},"datePublished":"2019-03-14T17:24:35+00:00","dateModified":"2019-03-25T21:34:07+00:00","breadcrumb":{"@id":"https:\/\/allekinder.grips.theater\/datenschutzerklaerung\/#breadcrumb"},"inLanguage":"en-US","potentialAction":[{"@type":"ReadAction","target":["https:\/\/allekinder.grips.theater\/datenschutzerklaerung\/"]}]},{"@type":"BreadcrumbList","@id":"https:\/\/allekinder.grips.theater\/datenschutzerklaerung\/#breadcrumb","itemListElement":[{"@type":"ListItem","position":1,"name":"Startseite","item":"https:\/\/allekinder.grips.theater\/"},{"@type":"ListItem","position":2,"name":"Impressum und Datenschutzerkl\u00e4rung"}]},{"@type":"WebSite","@id":"https:\/\/allekinder.grips.theater\/#website","url":"https:\/\/allekinder.grips.theater\/","name":"#alleKINDER #allCHILDREN","description":"We call for the worldwide reading of the UN Convention on the Rights of the Child","potentialAction":[{"@type":"SearchAction","target":{"@type":"EntryPoint","urlTemplate":"https:\/\/allekinder.grips.theater\/?s={search_term_string}"},"query-input":{"@type":"PropertyValueSpecification","valueRequired":true,"valueName":"search_term_string"}}],"inLanguage":"en-US"}]}},"_links":{"self":[{"href":"https:\/\/allekinder.grips.theater\/en\/wp-json\/wp\/v2\/pages\/3"}],"collection":[{"href":"https:\/\/allekinder.grips.theater\/en\/wp-json\/wp\/v2\/pages"}],"about":[{"href":"https:\/\/allekinder.grips.theater\/en\/wp-json\/wp\/v2\/types\/page"}],"author":[{"embeddable":true,"href":"https:\/\/allekinder.grips.theater\/en\/wp-json\/wp\/v2\/users\/1"}],"replies":[{"embeddable":true,"href":"https:\/\/allekinder.grips.theater\/en\/wp-json\/wp\/v2\/comments?post=3"}],"version-history":[{"count":1,"href":"https:\/\/allekinder.grips.theater\/en\/wp-json\/wp\/v2\/pages\/3\/revisions"}],"predecessor-version":[{"id":65,"href":"https:\/\/allekinder.grips.theater\/en\/wp-json\/wp\/v2\/pages\/3\/revisions\/65"}],"wp:attachment":[{"href":"https:\/\/allekinder.grips.theater\/en\/wp-json\/wp\/v2\/media?parent=3"}],"curies":[{"name":"wp","href":"https:\/\/api.w.org\/{rel}","templated":true}]}}