{"id":19,"date":"2019-03-19T19:26:12","date_gmt":"2019-03-19T18:26:12","guid":{"rendered":"http:\/\/allekinder.grips.theater\/?page_id=19"},"modified":"2021-04-15T09:27:27","modified_gmt":"2021-04-15T07:27:27","slug":"unterstuetzen","status":"publish","type":"page","link":"https:\/\/allekinder.grips.theater\/en\/unterstuetzen\/","title":{"rendered":"Support"},"content":{"rendered":"\r\n<p>#alleKINDER <span class=\"tlid-translation translation\" lang=\"en\"><span class=\"\" title=\"\">#allCHILDREN: Participate in the Worldwide Reading of the United Nations Convention on the Rights of the Child or support the action with your name or organization.<\/span><\/span><\/p>\r\n\n<div class=\"wpcf7 no-js\" id=\"wpcf7-f336-o1\" lang=\"de-DE\" dir=\"ltr\">\n<div class=\"screen-reader-response\"><p role=\"status\" aria-live=\"polite\" aria-atomic=\"true\"><\/p> <ul><\/ul><\/div>\n<form action=\"\/en\/wp-json\/wp\/v2\/pages\/19#wpcf7-f336-o1\" method=\"post\" class=\"wpcf7-form init\" aria-label=\"Kontaktformular\" enctype=\"multipart\/form-data\" novalidate=\"novalidate\" data-status=\"init\">\n<div style=\"display: none;\">\n<input type=\"hidden\" name=\"_wpcf7\" value=\"336\" \/>\n<input type=\"hidden\" name=\"_wpcf7_version\" value=\"5.9.8\" \/>\n<input type=\"hidden\" name=\"_wpcf7_locale\" value=\"de_DE\" \/>\n<input type=\"hidden\" name=\"_wpcf7_unit_tag\" value=\"wpcf7-f336-o1\" \/>\n<input type=\"hidden\" name=\"_wpcf7_container_post\" value=\"0\" \/>\n<input type=\"hidden\" name=\"_wpcf7_posted_data_hash\" value=\"\" \/>\n<\/div>\n<p><label> Your Name (mandatory)<br \/>\n<span class=\"wpcf7-form-control-wrap\" data-name=\"your-name\"><input size=\"40\" maxlength=\"400\" class=\"wpcf7-form-control wpcf7-text wpcf7-validates-as-required\" aria-required=\"true\" aria-invalid=\"false\" value=\"\" type=\"text\" name=\"your-name\" \/><\/span> <\/label>\n<\/p>\n<p><label> Your Organisation<br \/>\n<span class=\"wpcf7-form-control-wrap\" data-name=\"your-org\"><input size=\"40\" maxlength=\"400\" class=\"wpcf7-form-control wpcf7-text\" aria-invalid=\"false\" value=\"\" type=\"text\" name=\"your-org\" \/><\/span> <\/label>\n<\/p>\n<p><span class=\"wpcf7-form-control-wrap\" data-name=\"checkbox-873\"><span class=\"wpcf7-form-control wpcf7-checkbox wpcf7-validates-as-required\"><span class=\"wpcf7-list-item first last\"><input type=\"checkbox\" name=\"checkbox-873[]\" value=\"I agree to the publication of my data on this website and the #alleKinder #allCHILDREN social media campaign. Logo\/Pictures\/Videos which are linked or attached do not violate any rights of third parties. The consent can be revoked at any time. Please send a short mail to Kontakt@alleKinder.Grips.Theater\" \/><span class=\"wpcf7-list-item-label\">I agree to the publication of my data on this website and the #alleKinder #allCHILDREN social media campaign. Logo\/Pictures\/Videos which are linked or attached do not violate any rights of third parties. The consent can be revoked at any time. Please send a short mail to Kontakt@alleKinder.Grips.Theater<\/span><\/span><\/span><\/span>\n<\/p>\n<p><label> Your E-Mail Address (mandatory)<br \/>\n<span class=\"wpcf7-form-control-wrap\" data-name=\"your-email\"><input size=\"40\" maxlength=\"400\" class=\"wpcf7-form-control wpcf7-email wpcf7-validates-as-required wpcf7-text wpcf7-validates-as-email\" aria-required=\"true\" aria-invalid=\"false\" value=\"\" type=\"email\" name=\"your-email\" \/><\/span> <\/label>\n<\/p>\n<p><label> Subject<br \/>\n<span class=\"wpcf7-form-control-wrap\" data-name=\"your-subject\"><input size=\"40\" maxlength=\"400\" class=\"wpcf7-form-control wpcf7-text\" aria-invalid=\"false\" value=\"\" type=\"text\" name=\"your-subject\" \/><\/span> <\/label>\n<\/p>\n<p><label> Your message with link to your statement<br \/>\n<span class=\"wpcf7-form-control-wrap\" data-name=\"your-message\"><textarea cols=\"40\" rows=\"10\" maxlength=\"2000\" class=\"wpcf7-form-control wpcf7-textarea\" aria-invalid=\"false\" name=\"your-message\"><\/textarea><\/span><br \/>\n<\/label> Your video or logo (JPG, PNG, MOV oder MP4)<br \/>\n<span class=\"wpcf7-form-control-wrap\" data-name=\"file-657\"><input size=\"40\" class=\"wpcf7-form-control wpcf7-file\" accept=\".jpg,.jpeg,.png,.mov,.mp4\" aria-invalid=\"false\" type=\"file\" name=\"file-657\" \/><\/span>\n<\/p>\n<p><input class=\"wpcf7-form-control wpcf7-submit has-spinner\" type=\"submit\" value=\"Sent\" \/>\n<\/p><div class=\"wpcf7-response-output\" aria-hidden=\"true\"><\/div>\n<\/form>\n<\/div>\n\r\n<p>\r\n\r\n<\/p>\r\n<h2 class=\"wp-block-heading\">Supporters:<\/h2>\r\n<p>\r\n\r\n<\/p>\r\n<p><a href=\"https:\/\/www.netzwerk-kinderrechte.de\/\"><strong>Die National Coalition<\/strong><\/a><\/p>\r\n<p>\r\n\r\n<\/p>\r\n<p><a href=\"https:\/\/ilmr.de\/\"><strong>Die Internationalen Liga f\u00fcr Menschenrecht<\/strong>e<\/a><\/p>\r\n<p>\r\n\r\n<\/p>\r\n<p><a href=\"https:\/\/www.dkhw.de\/schwerpunkte\/kinderrechte\/kinderrechte-ins-grundgesetz\/\"><strong>Das Deutschen Kinderhilfswerk<\/strong><\/a><\/p>\r\n<p>\r\n\r\n<\/p>\r\n<p><a href=\"https:\/\/www.assitej.de\/aktuelles\/\"><strong>Assitej<\/strong><\/a><\/p>\r\n<p>\r\n\r\n<\/p>\r\n<p><a href=\"http:\/\/jogspace.net\/\" target=\"_blank\" rel=\"noreferrer noopener\"><strong>JOG Jugendliche ohne Grenzen<\/strong><\/a><\/p>\r\n<p>\r\n\r\n<\/p>\r\n<p><strong><a href=\"https:\/\/b-umf.de\/\" target=\"_blank\" rel=\"noreferrer noopener\" aria-label=\" (\u00f6ffnet in neuem Tab)\">Bundesfachverband umf<\/a><\/strong><\/p>\r\n<p>\r\n\r\n<\/p>\r\n<p><a href=\"https:\/\/www.verein-fairbund.de\/\" target=\"_blank\" rel=\"noreferrer noopener\" aria-label=\"FAIRbund (\u00f6ffnet in neuem Tab)\"><strong>FAIRbund e.V.<\/strong><\/a><\/p>\r\n<p>\r\n\r\n<\/p>\r\n<p>Sternschnuppe e.V.<\/p>\r\n<p>\r\n\r\n<\/p>\r\n<p>B\u00dcNDNIS F\u00dcR MENSCHENW\u00dcRDE e.V. Kelheim<\/p>\r\n<p>\r\n\r\n<\/p>\r\n<p><img loading=\"lazy\" decoding=\"async\" class=\"alignnone size-full wp-image-491\" src=\"https:\/\/allekinder.grips.theater\/wp-content\/uploads\/2019\/06\/People4People-Logo.jpg\" alt=\"\" width=\"151\" height=\"30\" srcset=\"https:\/\/allekinder.grips.theater\/wp-content\/uploads\/2019\/06\/People4People-Logo.jpg 151w, https:\/\/allekinder.grips.theater\/wp-content\/uploads\/2019\/06\/People4People-Logo-150x30.jpg 150w\" sizes=\"(max-width: 151px) 85vw, 151px\" \/>people4people e.V. Frankfurt<\/p>\r\n<p>\r\n\r\n<\/p>\r\n<p><img loading=\"lazy\" decoding=\"async\" class=\"alignnone size-full wp-image-492\" src=\"https:\/\/allekinder.grips.theater\/wp-content\/uploads\/2019\/06\/humanAid.png\" alt=\"\" width=\"45\" height=\"30\" \/>Human Aid Collective e.V.<\/p>\r\n<p>\r\n\r\n<\/p>\r\n<p>Fl\u00fcchtlingsrat Sachsen-Anhalt e.V.<\/p>\r\n<p>\r\n\r\n<\/p>\r\n<hr class=\"wp-block-separator\" \/>\r\n<p>\r\n\r\n<\/p>\r\n<pre class=\"wp-block-preformatted\"><strong>Ingo Stock <\/strong>Internationale Liga f\u00fcr Menschenrechte,<strong> Laura Mirjam Walter<\/strong>,<strong> J\u00fcrgen Scheer<\/strong>,<strong> Anne Roth<\/strong>, <strong>Birgit Sch\u00f6ne<\/strong>: Viele Kinder sind in jungen Jahren zu Helden geworden in dem sie n\u00fctzliche und existenzielle Dinge voran geschoben haben und damit f\u00fcr alle einen Fortschritt erzielten und weiterhin erzielen wollen. Es wachsen immer wieder solche \"Kinderhelden\" nach, die sich gegen den Strom stellen und gro\u00dfen Einsatz zeigen und eigene Opfer f\u00fcr die Mehrheit bringen, <strong>Tobias Klaus<\/strong> Bundesfachverband umF, <strong>Jana Bozicevic<\/strong> FAIRbund e.V., <strong>Rolf Steinebach<\/strong>, <strong>Philipp Harpain<\/strong> GRIPS Theater, <strong>Andrea Munjic<\/strong>, <strong>Julia von Seiche<\/strong>, Sternschnuppe e.V.: Bei allen Entscheidungen m\u00fcssen wir immer im Blick haben, welche Auswirkungen diese auf die Zukunft haben. Um das zu gew\u00e4hrleisten, m\u00fcssen die Kinderrechte ins Grundgesetz, damit wir das nie aus den Augen verlieren, <strong>Christiane Lettow-Berger<\/strong>, B\u00dcNDNIS F\u00dcR MENSCHENW\u00dcRDE e. V. Kelheim: Kinder haben ein Recht auf Zukunft, auf ein Leben ohne Krieg, Hunger und Diskriminierung, <strong>Houriaj Limam<\/strong>, people4people e.V. Frankfurt +  Human Aid Collective e.V: \u201eDie zerst\u00f6rerischen Folgen von Konflikten bekommen Kinder in der ganzen Region zu sp\u00fcren\u201c, nicht nur Schulen liegen in Tr\u00fcmmern, sondern auch die Tr\u00e4ume und Zukunftsaussichten einer ganzen Generation von Schulkindern.\u201c Bildung ist entscheidend, um Menschen und Fl\u00fcchtlingen zu helfen, wieder auf eigenen F\u00fc\u00dfen stehen und sich selbst eine bessere Zukunft aufbauen zu k\u00f6nnen. Bildung = eine Investition in die Zukunft,  <strong>Angela Ott<\/strong>, <strong>Fl\u00fcchtlingsrat Sachsen-Anhalt e.V.<\/strong>, <strong>Jelena Bosanac,<\/strong> ... <\/pre>\r\n<p>\r\n\r\n<\/p>\r\n<p>&nbsp;<\/p>\r\n<p><\/p>","protected":false},"excerpt":{"rendered":"<p>#alleKINDER #allCHILDREN: Participate in the Worldwide Reading of the United Nations Convention on the Rights of the Child or support the action with your name or organization. Supporters: Die National Coalition Die Internationalen Liga f\u00fcr Menschenrechte Das Deutschen Kinderhilfswerk Assitej JOG Jugendliche ohne Grenzen Bundesfachverband umf FAIRbund e.V. Sternschnuppe e.V. B\u00dcNDNIS F\u00dcR MENSCHENW\u00dcRDE e.V. Kelheim &hellip; <a href=\"https:\/\/allekinder.grips.theater\/en\/unterstuetzen\/\" class=\"more-link\">Continue reading<span class=\"screen-reader-text\"> &#8220;Support&#8221;<\/span><\/a><\/p>\n","protected":false},"author":1,"featured_media":0,"parent":0,"menu_order":0,"comment_status":"closed","ping_status":"closed","template":"","meta":{"footnotes":""},"class_list":["post-19","page","type-page","status-publish","hentry"],"translation":{"provider":"WPGlobus","version":"3.0.0","language":"en","enabled_languages":["de","en"],"languages":{"de":{"title":true,"content":true,"excerpt":false},"en":{"title":true,"content":true,"excerpt":false}}},"yoast_head":"<!-- This site is optimized with the Yoast SEO plugin v23.5 - https:\/\/yoast.com\/wordpress\/plugins\/seo\/ -->\n<title>Support - #alleKINDER #allCHILDREN<\/title>\n<meta name=\"robots\" content=\"index, follow, max-snippet:-1, max-image-preview:large, max-video-preview:-1\" \/>\n<link rel=\"canonical\" href=\"https:\/\/allekinder.grips.theater\/unterstuetzen\/\" \/>\n<meta property=\"og:locale\" content=\"en_US\" \/>\n<meta property=\"og:type\" content=\"article\" \/>\n<meta property=\"og:title\" content=\"Support - #alleKINDER #allCHILDREN\" \/>\n<meta property=\"og:url\" content=\"https:\/\/allekinder.grips.theater\/unterstuetzen\/\" \/>\n<meta property=\"og:site_name\" content=\"#alleKINDER #allCHILDREN\" \/>\n<meta property=\"article:publisher\" content=\"https:\/\/www.facebook.com\/GripsTheater\/\" \/>\n<meta property=\"article:modified_time\" content=\"2021-04-15T07:27:27+00:00\" \/>\n<meta property=\"og:image\" content=\"https:\/\/allekinder.grips.theater\/wp-content\/uploads\/2019\/06\/People4People-Logo.jpg\" \/>\n<meta name=\"twitter:card\" content=\"summary_large_image\" \/>\n<meta name=\"twitter:site\" content=\"@GripsBerlin\" \/>\n<meta name=\"twitter:label1\" content=\"Est. reading time\" \/>\n\t<meta name=\"twitter:data1\" content=\"3 minutes\" \/>\n<script type=\"application\/ld+json\" class=\"yoast-schema-graph\">{\"@context\":\"https:\/\/schema.org\",\"@graph\":[{\"@type\":\"WebPage\",\"@id\":\"https:\/\/allekinder.grips.theater\/unterstuetzen\/\",\"url\":\"https:\/\/allekinder.grips.theater\/unterstuetzen\/\",\"name\":\"Support - #alleKINDER #allCHILDREN\",\"isPartOf\":{\"@id\":\"https:\/\/allekinder.grips.theater\/#website\"},\"primaryImageOfPage\":{\"@id\":\"https:\/\/allekinder.grips.theater\/unterstuetzen\/#primaryimage\"},\"image\":{\"@id\":\"https:\/\/allekinder.grips.theater\/unterstuetzen\/#primaryimage\"},\"thumbnailUrl\":\"https:\/\/allekinder.grips.theater\/wp-content\/uploads\/2019\/06\/People4People-Logo.jpg\",\"datePublished\":\"2019-03-19T18:26:12+00:00\",\"dateModified\":\"2021-04-15T07:27:27+00:00\",\"breadcrumb\":{\"@id\":\"https:\/\/allekinder.grips.theater\/unterstuetzen\/#breadcrumb\"},\"inLanguage\":\"en-US\",\"potentialAction\":[{\"@type\":\"ReadAction\",\"target\":[\"https:\/\/allekinder.grips.theater\/unterstuetzen\/\"]}]},{\"@type\":\"ImageObject\",\"inLanguage\":\"en-US\",\"@id\":\"https:\/\/allekinder.grips.theater\/unterstuetzen\/#primaryimage\",\"url\":\"https:\/\/allekinder.grips.theater\/wp-content\/uploads\/2019\/06\/People4People-Logo.jpg\",\"contentUrl\":\"https:\/\/allekinder.grips.theater\/wp-content\/uploads\/2019\/06\/People4People-Logo.jpg\"},{\"@type\":\"BreadcrumbList\",\"@id\":\"https:\/\/allekinder.grips.theater\/unterstuetzen\/#breadcrumb\",\"itemListElement\":[{\"@type\":\"ListItem\",\"position\":1,\"name\":\"Startseite\",\"item\":\"https:\/\/allekinder.grips.theater\/\"},{\"@type\":\"ListItem\",\"position\":2,\"name\":\"Unterst\u00fctzen\"}]},{\"@type\":\"WebSite\",\"@id\":\"https:\/\/allekinder.grips.theater\/#website\",\"url\":\"https:\/\/allekinder.grips.theater\/\",\"name\":\"#alleKINDER #allCHILDREN\",\"description\":\"We call for the worldwide reading of the UN Convention on the Rights of the Child\",\"potentialAction\":[{\"@type\":\"SearchAction\",\"target\":{\"@type\":\"EntryPoint\",\"urlTemplate\":\"https:\/\/allekinder.grips.theater\/?s={search_term_string}\"},\"query-input\":{\"@type\":\"PropertyValueSpecification\",\"valueRequired\":true,\"valueName\":\"search_term_string\"}}],\"inLanguage\":\"en-US\"}]}<\/script>\n<!-- \/ Yoast SEO plugin. -->","yoast_head_json":{"title":"Support - #alleKINDER #allCHILDREN","robots":{"index":"index","follow":"follow","max-snippet":"max-snippet:-1","max-image-preview":"max-image-preview:large","max-video-preview":"max-video-preview:-1"},"canonical":"https:\/\/allekinder.grips.theater\/unterstuetzen\/","og_locale":"en_US","og_type":"article","og_title":"Support - #alleKINDER #allCHILDREN","og_url":"https:\/\/allekinder.grips.theater\/unterstuetzen\/","og_site_name":"#alleKINDER #allCHILDREN","article_publisher":"https:\/\/www.facebook.com\/GripsTheater\/","article_modified_time":"2021-04-15T07:27:27+00:00","og_image":[{"url":"https:\/\/allekinder.grips.theater\/wp-content\/uploads\/2019\/06\/People4People-Logo.jpg"}],"twitter_card":"summary_large_image","twitter_site":"@GripsBerlin","twitter_misc":{"Est. reading time":"3 minutes"},"schema":{"@context":"https:\/\/schema.org","@graph":[{"@type":"WebPage","@id":"https:\/\/allekinder.grips.theater\/unterstuetzen\/","url":"https:\/\/allekinder.grips.theater\/unterstuetzen\/","name":"Support - #alleKINDER #allCHILDREN","isPartOf":{"@id":"https:\/\/allekinder.grips.theater\/#website"},"primaryImageOfPage":{"@id":"https:\/\/allekinder.grips.theater\/unterstuetzen\/#primaryimage"},"image":{"@id":"https:\/\/allekinder.grips.theater\/unterstuetzen\/#primaryimage"},"thumbnailUrl":"https:\/\/allekinder.grips.theater\/wp-content\/uploads\/2019\/06\/People4People-Logo.jpg","datePublished":"2019-03-19T18:26:12+00:00","dateModified":"2021-04-15T07:27:27+00:00","breadcrumb":{"@id":"https:\/\/allekinder.grips.theater\/unterstuetzen\/#breadcrumb"},"inLanguage":"en-US","potentialAction":[{"@type":"ReadAction","target":["https:\/\/allekinder.grips.theater\/unterstuetzen\/"]}]},{"@type":"ImageObject","inLanguage":"en-US","@id":"https:\/\/allekinder.grips.theater\/unterstuetzen\/#primaryimage","url":"https:\/\/allekinder.grips.theater\/wp-content\/uploads\/2019\/06\/People4People-Logo.jpg","contentUrl":"https:\/\/allekinder.grips.theater\/wp-content\/uploads\/2019\/06\/People4People-Logo.jpg"},{"@type":"BreadcrumbList","@id":"https:\/\/allekinder.grips.theater\/unterstuetzen\/#breadcrumb","itemListElement":[{"@type":"ListItem","position":1,"name":"Startseite","item":"https:\/\/allekinder.grips.theater\/"},{"@type":"ListItem","position":2,"name":"Unterst\u00fctzen"}]},{"@type":"WebSite","@id":"https:\/\/allekinder.grips.theater\/#website","url":"https:\/\/allekinder.grips.theater\/","name":"#alleKINDER #allCHILDREN","description":"We call for the worldwide reading of the UN Convention on the Rights of the Child","potentialAction":[{"@type":"SearchAction","target":{"@type":"EntryPoint","urlTemplate":"https:\/\/allekinder.grips.theater\/?s={search_term_string}"},"query-input":{"@type":"PropertyValueSpecification","valueRequired":true,"valueName":"search_term_string"}}],"inLanguage":"en-US"}]}},"_links":{"self":[{"href":"https:\/\/allekinder.grips.theater\/en\/wp-json\/wp\/v2\/pages\/19"}],"collection":[{"href":"https:\/\/allekinder.grips.theater\/en\/wp-json\/wp\/v2\/pages"}],"about":[{"href":"https:\/\/allekinder.grips.theater\/en\/wp-json\/wp\/v2\/types\/page"}],"author":[{"embeddable":true,"href":"https:\/\/allekinder.grips.theater\/en\/wp-json\/wp\/v2\/users\/1"}],"replies":[{"embeddable":true,"href":"https:\/\/allekinder.grips.theater\/en\/wp-json\/wp\/v2\/comments?post=19"}],"version-history":[{"count":30,"href":"https:\/\/allekinder.grips.theater\/en\/wp-json\/wp\/v2\/pages\/19\/revisions"}],"predecessor-version":[{"id":586,"href":"https:\/\/allekinder.grips.theater\/en\/wp-json\/wp\/v2\/pages\/19\/revisions\/586"}],"wp:attachment":[{"href":"https:\/\/allekinder.grips.theater\/en\/wp-json\/wp\/v2\/media?parent=19"}],"curies":[{"name":"wp","href":"https:\/\/api.w.org\/{rel}","templated":true}]}}